{"id":2531,"date":"2023-04-25T19:16:34","date_gmt":"2023-04-25T19:16:34","guid":{"rendered":"http:\/\/www.vuce.gob.ve\/?page_id=2531"},"modified":"2023-05-26T16:47:55","modified_gmt":"2023-05-26T16:47:55","slug":"vuce","status":"publish","type":"page","link":"http:\/\/www.vuce.gob.ve\/index.php\/vuce\/","title":{"rendered":"\u00bfQu\u00e9 es la VUCE?"},"content":{"rendered":"\t\t<div data-elementor-type=\"wp-page\" data-elementor-id=\"2531\" class=\"elementor elementor-2531\">\n\t\t\t\t\t\t\t\t\t<section class=\"has_eae_slider elementor-section elementor-top-section elementor-element elementor-element-3781aa7 elementor-section-full_width elementor-section-height-default elementor-section-height-default\" data-id=\"3781aa7\" data-element_type=\"section\" data-settings=\"{&quot;background_background&quot;:&quot;classic&quot;}\">\n\t\t\t\t\t\t<div class=\"elementor-container elementor-column-gap-default\">\n\t\t\t\t\t<div class=\"has_eae_slider elementor-column elementor-col-100 elementor-top-column elementor-element elementor-element-75e53d0\" data-id=\"75e53d0\" data-element_type=\"column\">\n\t\t\t<div class=\"elementor-widget-wrap elementor-element-populated\">\n\t\t\t\t\t\t\t\t<section class=\"has_eae_slider elementor-section elementor-inner-section elementor-element elementor-element-91cde8b elementor-section-full_width elementor-section-height-default elementor-section-height-default\" data-id=\"91cde8b\" data-element_type=\"section\" data-settings=\"{&quot;background_background&quot;:&quot;classic&quot;}\">\n\t\t\t\t\t\t<div class=\"elementor-container elementor-column-gap-default\">\n\t\t\t\t\t<div class=\"has_eae_slider elementor-column elementor-col-50 elementor-inner-column elementor-element elementor-element-5257e25\" data-id=\"5257e25\" data-element_type=\"column\">\n\t\t\t<div class=\"elementor-widget-wrap\">\n\t\t\t\t\t\t\t\t\t<\/div>\n\t\t<\/div>\n\t\t\t\t<div class=\"has_eae_slider elementor-column elementor-col-50 elementor-inner-column elementor-element elementor-element-63dd67f\" data-id=\"63dd67f\" data-element_type=\"column\">\n\t\t\t<div class=\"elementor-widget-wrap elementor-element-populated\">\n\t\t\t\t\t\t\t\t<div class=\"elementor-element elementor-element-1be12f6 elementor-widget elementor-widget-spacer\" data-id=\"1be12f6\" data-element_type=\"widget\" data-widget_type=\"spacer.default\">\n\t\t\t\t<div class=\"elementor-widget-container\">\n\t\t\t<style>\/*! elementor - v3.6.5 - 27-04-2022 *\/\n.e-container.e-container--row .elementor-spacer-inner{width:var(--spacer-size)}.e-container.e-container--column .elementor-spacer-inner,.elementor-column .elementor-spacer-inner{height:var(--spacer-size)}<\/style>\t\t<div class=\"elementor-spacer\">\n\t\t\t<div class=\"elementor-spacer-inner\"><\/div>\n\t\t<\/div>\n\t\t\t\t<\/div>\n\t\t\t\t<\/div>\n\t\t\t\t<div class=\"elementor-element elementor-element-405423a elementor-widget elementor-widget-spacer\" data-id=\"405423a\" data-element_type=\"widget\" data-widget_type=\"spacer.default\">\n\t\t\t\t<div class=\"elementor-widget-container\">\n\t\t\t\t\t<div class=\"elementor-spacer\">\n\t\t\t<div class=\"elementor-spacer-inner\"><\/div>\n\t\t<\/div>\n\t\t\t\t<\/div>\n\t\t\t\t<\/div>\n\t\t\t\t\t<\/div>\n\t\t<\/div>\n\t\t\t\t\t\t\t<\/div>\n\t\t<\/section>\n\t\t\t\t\t<\/div>\n\t\t<\/div>\n\t\t\t\t\t\t\t<\/div>\n\t\t<\/section>\n\t\t\t\t<section class=\"has_eae_slider elementor-section elementor-top-section elementor-element elementor-element-86cff5a elementor-section-boxed elementor-section-height-default elementor-section-height-default\" data-id=\"86cff5a\" data-element_type=\"section\">\n\t\t\t\t\t\t<div class=\"elementor-container elementor-column-gap-default\">\n\t\t\t\t\t<div class=\"has_eae_slider elementor-column elementor-col-100 elementor-top-column elementor-element elementor-element-f77b1ef\" data-id=\"f77b1ef\" data-element_type=\"column\">\n\t\t\t<div class=\"elementor-widget-wrap elementor-element-populated\">\n\t\t\t\t\t\t\t\t<div class=\"elementor-element elementor-element-3f43cf8 elementor-widget elementor-widget-spacer\" data-id=\"3f43cf8\" data-element_type=\"widget\" data-widget_type=\"spacer.default\">\n\t\t\t\t<div class=\"elementor-widget-container\">\n\t\t\t\t\t<div class=\"elementor-spacer\">\n\t\t\t<div class=\"elementor-spacer-inner\"><\/div>\n\t\t<\/div>\n\t\t\t\t<\/div>\n\t\t\t\t<\/div>\n\t\t\t\t\t<\/div>\n\t\t<\/div>\n\t\t\t\t\t\t\t<\/div>\n\t\t<\/section>\n\t\t\t\t<section class=\"has_eae_slider elementor-section elementor-top-section elementor-element elementor-element-ba8cc53 elementor-section-full_width elementor-section-height-default elementor-section-height-default\" data-id=\"ba8cc53\" data-element_type=\"section\">\n\t\t\t\t\t\t<div class=\"elementor-container elementor-column-gap-default\">\n\t\t\t\t\t<div class=\"has_eae_slider elementor-column elementor-col-25 elementor-top-column elementor-element elementor-element-f3b5635\" data-id=\"f3b5635\" data-element_type=\"column\">\n\t\t\t<div class=\"elementor-widget-wrap\">\n\t\t\t\t\t\t\t\t\t<\/div>\n\t\t<\/div>\n\t\t\t\t<div class=\"has_eae_slider elementor-column elementor-col-25 elementor-top-column elementor-element elementor-element-c39cf65\" data-id=\"c39cf65\" data-element_type=\"column\">\n\t\t\t<div class=\"elementor-widget-wrap elementor-element-populated\">\n\t\t\t\t\t\t\t\t<div class=\"elementor-element elementor-element-c317532 elementor-widget elementor-widget-heading\" data-id=\"c317532\" data-element_type=\"widget\" data-widget_type=\"heading.default\">\n\t\t\t\t<div class=\"elementor-widget-container\">\n\t\t\t<style>\/*! elementor - v3.6.5 - 27-04-2022 *\/\n.elementor-heading-title{padding:0;margin:0;line-height:1}.elementor-widget-heading .elementor-heading-title[class*=elementor-size-]>a{color:inherit;font-size:inherit;line-height:inherit}.elementor-widget-heading .elementor-heading-title.elementor-size-small{font-size:15px}.elementor-widget-heading .elementor-heading-title.elementor-size-medium{font-size:19px}.elementor-widget-heading .elementor-heading-title.elementor-size-large{font-size:29px}.elementor-widget-heading .elementor-heading-title.elementor-size-xl{font-size:39px}.elementor-widget-heading .elementor-heading-title.elementor-size-xxl{font-size:59px}<\/style><h2 class=\"elementor-heading-title elementor-size-default\">Ventanilla \u00danica de Comercio Exterior<\/h2>\t\t<\/div>\n\t\t\t\t<\/div>\n\t\t\t\t<div class=\"elementor-element elementor-element-8db9577 elementor-widget elementor-widget-text-editor\" data-id=\"8db9577\" data-element_type=\"widget\" data-widget_type=\"text-editor.default\">\n\t\t\t\t<div class=\"elementor-widget-container\">\n\t\t\t<style>\/*! elementor - v3.6.5 - 27-04-2022 *\/\n.elementor-widget-text-editor.elementor-drop-cap-view-stacked .elementor-drop-cap{background-color:#818a91;color:#fff}.elementor-widget-text-editor.elementor-drop-cap-view-framed .elementor-drop-cap{color:#818a91;border:3px solid;background-color:transparent}.elementor-widget-text-editor:not(.elementor-drop-cap-view-default) .elementor-drop-cap{margin-top:8px}.elementor-widget-text-editor:not(.elementor-drop-cap-view-default) .elementor-drop-cap-letter{width:1em;height:1em}.elementor-widget-text-editor .elementor-drop-cap{float:left;text-align:center;line-height:1;font-size:50px}.elementor-widget-text-editor .elementor-drop-cap-letter{display:inline-block}<\/style>\t\t\t\t<p style=\"font-weight: 400;\">La VUCE es un sistema integrado, que permite a las partes involucradas en el comercio y el transporte internacional, gestionar a trav\u00e9s de medios electr\u00f3nicos, los tr\u00e1mites requeridos por diversas entidades, de acuerdo con la normativa vigente o necesarios para el tr\u00e1nsito, ingreso o salida de las mercanc\u00edas del territorio nacional.<\/p><p>La VUCE es administrada de forma centralizada por el Ministerio de Econom\u00eda, Finanza y Comercio Exterior, permitiendo a las autoridades competentes y organismos gubernamentales recibir o tener acceso a la informaci\u00f3n para la gesti\u00f3n de las permisolog\u00edas necesaria para las actividades de comercio exterior.<\/p>\t\t\t\t\t\t<\/div>\n\t\t\t\t<\/div>\n\t\t\t\t\t<\/div>\n\t\t<\/div>\n\t\t\t\t<div class=\"has_eae_slider elementor-column elementor-col-25 elementor-top-column elementor-element elementor-element-3eac353\" data-id=\"3eac353\" data-element_type=\"column\">\n\t\t\t<div class=\"elementor-widget-wrap\">\n\t\t\t\t\t\t\t\t\t<\/div>\n\t\t<\/div>\n\t\t\t\t<div class=\"has_eae_slider elementor-column elementor-col-25 elementor-top-column elementor-element elementor-element-29b7d02\" data-id=\"29b7d02\" data-element_type=\"column\">\n\t\t\t<div class=\"elementor-widget-wrap elementor-element-populated\">\n\t\t\t\t\t\t\t\t<div class=\"elementor-element elementor-element-70f125a elementor-widget elementor-widget-image\" data-id=\"70f125a\" data-element_type=\"widget\" data-widget_type=\"image.default\">\n\t\t\t\t<div class=\"elementor-widget-container\">\n\t\t\t<style>\/*! elementor - v3.6.5 - 27-04-2022 *\/\n.elementor-widget-image{text-align:center}.elementor-widget-image a{display:inline-block}.elementor-widget-image a img[src$=\".svg\"]{width:48px}.elementor-widget-image img{vertical-align:middle;display:inline-block}<\/style>\t\t\t\t\t\t\t\t\t\t\t\t<img loading=\"lazy\" decoding=\"async\" width=\"1024\" height=\"540\" src=\"http:\/\/www.vuce.gob.ve\/wp-content\/uploads\/2022\/04\/logoo-1024x540.png\" class=\"attachment-large size-large\" alt=\"\" srcset=\"http:\/\/www.vuce.gob.ve\/wp-content\/uploads\/2022\/04\/logoo-1024x540.png 1024w, http:\/\/www.vuce.gob.ve\/wp-content\/uploads\/2022\/04\/logoo-300x158.png 300w, http:\/\/www.vuce.gob.ve\/wp-content\/uploads\/2022\/04\/logoo-768x405.png 768w, http:\/\/www.vuce.gob.ve\/wp-content\/uploads\/2022\/04\/logoo-1536x810.png 1536w, http:\/\/www.vuce.gob.ve\/wp-content\/uploads\/2022\/04\/logoo-2048x1080.png 2048w, http:\/\/www.vuce.gob.ve\/wp-content\/uploads\/2022\/04\/logoo-150x79.png 150w\" sizes=\"auto, (max-width: 1024px) 100vw, 1024px\" \/>\t\t\t\t\t\t\t\t\t\t\t\t\t\t\t<\/div>\n\t\t\t\t<\/div>\n\t\t\t\t<div class=\"elementor-element elementor-element-d16fc7b elementor-widget elementor-widget-spacer\" data-id=\"d16fc7b\" data-element_type=\"widget\" data-widget_type=\"spacer.default\">\n\t\t\t\t<div class=\"elementor-widget-container\">\n\t\t\t\t\t<div class=\"elementor-spacer\">\n\t\t\t<div class=\"elementor-spacer-inner\"><\/div>\n\t\t<\/div>\n\t\t\t\t<\/div>\n\t\t\t\t<\/div>\n\t\t\t\t\t<\/div>\n\t\t<\/div>\n\t\t\t\t\t\t\t<\/div>\n\t\t<\/section>\n\t\t\t\t\t\t\t<\/div>\n\t\t","protected":false},"excerpt":{"rendered":"<p>Ventanilla \u00danica de Comercio Exterior La VUCE es un sistema integrado, que permite a las partes involucradas en el comercio y el transporte internacional, gestionar a trav\u00e9s de medios electr\u00f3nicos, los tr\u00e1mites requeridos por diversas entidades, de acuerdo con la normativa vigente o necesarios para el tr\u00e1nsito, ingreso o salida de las mercanc\u00edas del territorio &hellip;<\/p>\n<p class=\"read-more\"> <a class=\"\" href=\"http:\/\/www.vuce.gob.ve\/index.php\/vuce\/\"> <span class=\"screen-reader-text\">\u00bfQu\u00e9 es la VUCE?<\/span> Leer m\u00e1s &raquo;<\/a><\/p>\n","protected":false},"author":1,"featured_media":0,"parent":0,"menu_order":0,"comment_status":"closed","ping_status":"closed","template":"","meta":{"site-sidebar-layout":"no-sidebar","site-content-layout":"page-builder","ast-global-header-display":"","ast-main-header-display":"","ast-hfb-above-header-display":"","ast-hfb-below-header-display":"","ast-hfb-mobile-header-display":"","site-post-title":"disabled","ast-breadcrumbs-content":"","ast-featured-img":"disabled","footer-sml-layout":"","theme-transparent-header-meta":"","adv-header-id-meta":"","stick-header-meta":"","header-above-stick-meta":"","header-main-stick-meta":"","header-below-stick-meta":"","footnotes":""},"class_list":["post-2531","page","type-page","status-publish","hentry"],"yoast_head":"<!-- This site is optimized with the Yoast SEO plugin v25.7 - https:\/\/yoast.com\/wordpress\/plugins\/seo\/ -->\n<title>\u00bfQu\u00e9 es la VUCE? - Portal VUCE<\/title>\n<meta name=\"description\" content=\"Ventanilla \u00danica de Comercio Exterior La VUCE es un sistema integrado, que permite a las partes involucradas en el comercio y el transporte internacional,\" \/>\n<meta name=\"robots\" content=\"index, follow, max-snippet:-1, max-image-preview:large, max-video-preview:-1\" \/>\n<link rel=\"canonical\" href=\"http:\/\/www.vuce.gob.ve\/index.php\/vuce\/\" \/>\n<meta property=\"og:locale\" content=\"es_ES\" \/>\n<meta property=\"og:type\" content=\"article\" \/>\n<meta property=\"og:title\" content=\"\u00bfQu\u00e9 es la VUCE? - Portal VUCE\" \/>\n<meta property=\"og:description\" content=\"Ventanilla \u00danica de Comercio Exterior La VUCE es un sistema integrado, que permite a las partes involucradas en el comercio y el transporte internacional,\" \/>\n<meta property=\"og:url\" content=\"http:\/\/www.vuce.gob.ve\/index.php\/vuce\/\" \/>\n<meta property=\"og:site_name\" content=\"Portal VUCE\" \/>\n<meta property=\"article:publisher\" content=\"https:\/\/www.instagram.com\/vucevzla\/\" \/>\n<meta property=\"article:modified_time\" content=\"2023-05-26T16:47:55+00:00\" \/>\n<meta property=\"og:image\" content=\"http:\/\/www.vuce.gob.ve\/wp-content\/uploads\/2022\/04\/logoo-1024x540.png\" \/>\n<meta name=\"twitter:card\" content=\"summary_large_image\" \/>\n<meta name=\"twitter:label1\" content=\"Tiempo de lectura\" \/>\n\t<meta name=\"twitter:data1\" content=\"1 minuto\" \/>\n<script type=\"application\/ld+json\" class=\"yoast-schema-graph\">{\"@context\":\"https:\/\/schema.org\",\"@graph\":[{\"@type\":\"WebPage\",\"@id\":\"http:\/\/www.vuce.gob.ve\/index.php\/vuce\/\",\"url\":\"http:\/\/www.vuce.gob.ve\/index.php\/vuce\/\",\"name\":\"\u00bfQu\u00e9 es la VUCE? - Portal VUCE\",\"isPartOf\":{\"@id\":\"http:\/\/www.vuce.gob.ve\/#website\"},\"primaryImageOfPage\":{\"@id\":\"http:\/\/www.vuce.gob.ve\/index.php\/vuce\/#primaryimage\"},\"image\":{\"@id\":\"http:\/\/www.vuce.gob.ve\/index.php\/vuce\/#primaryimage\"},\"thumbnailUrl\":\"http:\/\/www.vuce.gob.ve\/wp-content\/uploads\/2022\/04\/logoo-1024x540.png\",\"datePublished\":\"2023-04-25T19:16:34+00:00\",\"dateModified\":\"2023-05-26T16:47:55+00:00\",\"description\":\"Ventanilla \u00danica de Comercio Exterior La VUCE es un sistema integrado, que permite a las partes involucradas en el comercio y el transporte internacional,\",\"breadcrumb\":{\"@id\":\"http:\/\/www.vuce.gob.ve\/index.php\/vuce\/#breadcrumb\"},\"inLanguage\":\"es\",\"potentialAction\":[{\"@type\":\"ReadAction\",\"target\":[\"http:\/\/www.vuce.gob.ve\/index.php\/vuce\/\"]}]},{\"@type\":\"ImageObject\",\"inLanguage\":\"es\",\"@id\":\"http:\/\/www.vuce.gob.ve\/index.php\/vuce\/#primaryimage\",\"url\":\"http:\/\/www.vuce.gob.ve\/wp-content\/uploads\/2022\/04\/logoo.png\",\"contentUrl\":\"http:\/\/www.vuce.gob.ve\/wp-content\/uploads\/2022\/04\/logoo.png\",\"width\":2340,\"height\":1234},{\"@type\":\"BreadcrumbList\",\"@id\":\"http:\/\/www.vuce.gob.ve\/index.php\/vuce\/#breadcrumb\",\"itemListElement\":[{\"@type\":\"ListItem\",\"position\":1,\"name\":\"Portada\",\"item\":\"http:\/\/www.vuce.gob.ve\/\"},{\"@type\":\"ListItem\",\"position\":2,\"name\":\"\u00bfQu\u00e9 es la VUCE?\"}]},{\"@type\":\"WebSite\",\"@id\":\"http:\/\/www.vuce.gob.ve\/#website\",\"url\":\"http:\/\/www.vuce.gob.ve\/\",\"name\":\"Portal VUCE\",\"description\":\"Ventanilla \u00danica de Comercio Exterior\",\"publisher\":{\"@id\":\"http:\/\/www.vuce.gob.ve\/#organization\"},\"potentialAction\":[{\"@type\":\"SearchAction\",\"target\":{\"@type\":\"EntryPoint\",\"urlTemplate\":\"http:\/\/www.vuce.gob.ve\/?s={search_term_string}\"},\"query-input\":{\"@type\":\"PropertyValueSpecification\",\"valueRequired\":true,\"valueName\":\"search_term_string\"}}],\"inLanguage\":\"es\"},{\"@type\":\"Organization\",\"@id\":\"http:\/\/www.vuce.gob.ve\/#organization\",\"name\":\"Portal VUCE\",\"url\":\"http:\/\/www.vuce.gob.ve\/\",\"logo\":{\"@type\":\"ImageObject\",\"inLanguage\":\"es\",\"@id\":\"http:\/\/www.vuce.gob.ve\/#\/schema\/logo\/image\/\",\"url\":\"http:\/\/www.vuce.gob.ve\/wp-content\/uploads\/2022\/04\/logo-1.png\",\"contentUrl\":\"http:\/\/www.vuce.gob.ve\/wp-content\/uploads\/2022\/04\/logo-1.png\",\"width\":625,\"height\":130,\"caption\":\"Portal VUCE\"},\"image\":{\"@id\":\"http:\/\/www.vuce.gob.ve\/#\/schema\/logo\/image\/\"},\"sameAs\":[\"https:\/\/www.instagram.com\/vucevzla\/\"]}]}<\/script>\n<!-- \/ Yoast SEO plugin. -->","yoast_head_json":{"title":"\u00bfQu\u00e9 es la VUCE? - Portal VUCE","description":"Ventanilla \u00danica de Comercio Exterior La VUCE es un sistema integrado, que permite a las partes involucradas en el comercio y el transporte internacional,","robots":{"index":"index","follow":"follow","max-snippet":"max-snippet:-1","max-image-preview":"max-image-preview:large","max-video-preview":"max-video-preview:-1"},"canonical":"http:\/\/www.vuce.gob.ve\/index.php\/vuce\/","og_locale":"es_ES","og_type":"article","og_title":"\u00bfQu\u00e9 es la VUCE? - Portal VUCE","og_description":"Ventanilla \u00danica de Comercio Exterior La VUCE es un sistema integrado, que permite a las partes involucradas en el comercio y el transporte internacional,","og_url":"http:\/\/www.vuce.gob.ve\/index.php\/vuce\/","og_site_name":"Portal VUCE","article_publisher":"https:\/\/www.instagram.com\/vucevzla\/","article_modified_time":"2023-05-26T16:47:55+00:00","og_image":[{"url":"http:\/\/www.vuce.gob.ve\/wp-content\/uploads\/2022\/04\/logoo-1024x540.png","type":"","width":"","height":""}],"twitter_card":"summary_large_image","twitter_misc":{"Tiempo de lectura":"1 minuto"},"schema":{"@context":"https:\/\/schema.org","@graph":[{"@type":"WebPage","@id":"http:\/\/www.vuce.gob.ve\/index.php\/vuce\/","url":"http:\/\/www.vuce.gob.ve\/index.php\/vuce\/","name":"\u00bfQu\u00e9 es la VUCE? - Portal VUCE","isPartOf":{"@id":"http:\/\/www.vuce.gob.ve\/#website"},"primaryImageOfPage":{"@id":"http:\/\/www.vuce.gob.ve\/index.php\/vuce\/#primaryimage"},"image":{"@id":"http:\/\/www.vuce.gob.ve\/index.php\/vuce\/#primaryimage"},"thumbnailUrl":"http:\/\/www.vuce.gob.ve\/wp-content\/uploads\/2022\/04\/logoo-1024x540.png","datePublished":"2023-04-25T19:16:34+00:00","dateModified":"2023-05-26T16:47:55+00:00","description":"Ventanilla \u00danica de Comercio Exterior La VUCE es un sistema integrado, que permite a las partes involucradas en el comercio y el transporte internacional,","breadcrumb":{"@id":"http:\/\/www.vuce.gob.ve\/index.php\/vuce\/#breadcrumb"},"inLanguage":"es","potentialAction":[{"@type":"ReadAction","target":["http:\/\/www.vuce.gob.ve\/index.php\/vuce\/"]}]},{"@type":"ImageObject","inLanguage":"es","@id":"http:\/\/www.vuce.gob.ve\/index.php\/vuce\/#primaryimage","url":"http:\/\/www.vuce.gob.ve\/wp-content\/uploads\/2022\/04\/logoo.png","contentUrl":"http:\/\/www.vuce.gob.ve\/wp-content\/uploads\/2022\/04\/logoo.png","width":2340,"height":1234},{"@type":"BreadcrumbList","@id":"http:\/\/www.vuce.gob.ve\/index.php\/vuce\/#breadcrumb","itemListElement":[{"@type":"ListItem","position":1,"name":"Portada","item":"http:\/\/www.vuce.gob.ve\/"},{"@type":"ListItem","position":2,"name":"\u00bfQu\u00e9 es la VUCE?"}]},{"@type":"WebSite","@id":"http:\/\/www.vuce.gob.ve\/#website","url":"http:\/\/www.vuce.gob.ve\/","name":"Portal VUCE","description":"Ventanilla \u00danica de Comercio Exterior","publisher":{"@id":"http:\/\/www.vuce.gob.ve\/#organization"},"potentialAction":[{"@type":"SearchAction","target":{"@type":"EntryPoint","urlTemplate":"http:\/\/www.vuce.gob.ve\/?s={search_term_string}"},"query-input":{"@type":"PropertyValueSpecification","valueRequired":true,"valueName":"search_term_string"}}],"inLanguage":"es"},{"@type":"Organization","@id":"http:\/\/www.vuce.gob.ve\/#organization","name":"Portal VUCE","url":"http:\/\/www.vuce.gob.ve\/","logo":{"@type":"ImageObject","inLanguage":"es","@id":"http:\/\/www.vuce.gob.ve\/#\/schema\/logo\/image\/","url":"http:\/\/www.vuce.gob.ve\/wp-content\/uploads\/2022\/04\/logo-1.png","contentUrl":"http:\/\/www.vuce.gob.ve\/wp-content\/uploads\/2022\/04\/logo-1.png","width":625,"height":130,"caption":"Portal VUCE"},"image":{"@id":"http:\/\/www.vuce.gob.ve\/#\/schema\/logo\/image\/"},"sameAs":["https:\/\/www.instagram.com\/vucevzla\/"]}]}},"_links":{"self":[{"href":"http:\/\/www.vuce.gob.ve\/index.php\/wp-json\/wp\/v2\/pages\/2531","targetHints":{"allow":["GET"]}}],"collection":[{"href":"http:\/\/www.vuce.gob.ve\/index.php\/wp-json\/wp\/v2\/pages"}],"about":[{"href":"http:\/\/www.vuce.gob.ve\/index.php\/wp-json\/wp\/v2\/types\/page"}],"author":[{"embeddable":true,"href":"http:\/\/www.vuce.gob.ve\/index.php\/wp-json\/wp\/v2\/users\/1"}],"replies":[{"embeddable":true,"href":"http:\/\/www.vuce.gob.ve\/index.php\/wp-json\/wp\/v2\/comments?post=2531"}],"version-history":[{"count":19,"href":"http:\/\/www.vuce.gob.ve\/index.php\/wp-json\/wp\/v2\/pages\/2531\/revisions"}],"predecessor-version":[{"id":2894,"href":"http:\/\/www.vuce.gob.ve\/index.php\/wp-json\/wp\/v2\/pages\/2531\/revisions\/2894"}],"wp:attachment":[{"href":"http:\/\/www.vuce.gob.ve\/index.php\/wp-json\/wp\/v2\/media?parent=2531"}],"curies":[{"name":"wp","href":"https:\/\/api.w.org\/{rel}","templated":true}]}}